                                                                                                                                                                                                                                                                                                                                                                                                                                                                                                                                                                                                                                                                                                                                                                                                                                                                                  {"id":61,"date":"2020-01-23T18:21:52","date_gmt":"2020-01-23T18:21:52","guid":{"rendered":"https:\/\/demosites.io\/web-agency-gb\/?page_id=61"},"modified":"2024-01-29T23:25:20","modified_gmt":"2024-01-29T22:25:20","slug":"15c42-web-agency-gb-about-us","status":"publish","type":"page","link":"https:\/\/jaydelver.com\/?page_id=61","title":{"rendered":"BIO"},"content":{"rendered":"\t\t<div data-elementor-type=\"wp-page\" data-elementor-id=\"61\" class=\"elementor elementor-61\">\n\t\t\t\t\t\t\t<div class=\"elementor-element elementor-element-8df9c7d e-con-full e-flex e-con e-parent\" data-id=\"8df9c7d\" data-element_type=\"container\" data-settings=\"{&quot;content_width&quot;:&quot;full&quot;}\" data-core-v316-plus=\"true\">\n\t\t\t\t<div class=\"elementor-element elementor-element-a7b733e elementor-widget__width-initial elementor-widget elementor-widget-image\" data-id=\"a7b733e\" data-element_type=\"widget\" data-widget_type=\"image.default\">\n\t\t\t\t<div class=\"elementor-widget-container\">\n\t\t\t<style>\/*! elementor - v3.17.0 - 08-11-2023 *\/\n.elementor-widget-image{text-align:center}.elementor-widget-image a{display:inline-block}.elementor-widget-image a img[src$=\".svg\"]{width:48px}.elementor-widget-image img{vertical-align:middle;display:inline-block}<\/style>\t\t\t\t\t\t\t\t\t\t\t\t<img decoding=\"async\" src=\"https:\/\/jaydelver.com\/wp-content\/uploads\/2024\/01\/Jay-Delver.peace-sans-e1706551233747.png\" title=\"Jay Delver.peace sans\" alt=\"Jay Delver.peace sans\" loading=\"lazy\" \/>\t\t\t\t\t\t\t\t\t\t\t\t\t\t\t<\/div>\n\t\t\t\t<\/div>\n\t\t\t\t<\/div>\n\t\t<div class=\"elementor-element elementor-element-3311e56 e-con-full e-flex e-con e-parent\" data-id=\"3311e56\" data-element_type=\"container\" data-settings=\"{&quot;content_width&quot;:&quot;full&quot;}\" data-core-v316-plus=\"true\">\n\t\t<div class=\"elementor-element elementor-element-3120c89 e-con-full e-flex e-con e-child\" data-id=\"3120c89\" data-element_type=\"container\" data-settings=\"{&quot;content_width&quot;:&quot;full&quot;}\">\n\t\t\t\t<div class=\"elementor-element elementor-element-60ca1a2 elementor-widget__width-initial elementor-widget elementor-widget-image\" data-id=\"60ca1a2\" data-element_type=\"widget\" data-widget_type=\"image.default\">\n\t\t\t\t<div class=\"elementor-widget-container\">\n\t\t\t\t\t\t\t\t\t\t\t\t\t\t\t<img decoding=\"async\" src=\"https:\/\/jaydelver.com\/wp-content\/uploads\/2024\/01\/T1N_8590-scaled.jpg\" title=\"T1N_8590\" alt=\"T1N_8590\" loading=\"lazy\" \/>\t\t\t\t\t\t\t\t\t\t\t\t\t\t\t<\/div>\n\t\t\t\t<\/div>\n\t\t\t\t<\/div>\n\t\t<div class=\"elementor-element elementor-element-561d7ea e-con-full e-flex e-con e-child\" data-id=\"561d7ea\" data-element_type=\"container\" data-settings=\"{&quot;content_width&quot;:&quot;full&quot;}\">\n\t\t\t\t<div class=\"elementor-element elementor-element-2a869b6 elementor-widget elementor-widget-text-editor\" data-id=\"2a869b6\" data-element_type=\"widget\" data-widget_type=\"text-editor.default\">\n\t\t\t\t<div class=\"elementor-widget-container\">\n\t\t\t<style>\/*! elementor - v3.17.0 - 08-11-2023 *\/\n.elementor-widget-text-editor.elementor-drop-cap-view-stacked .elementor-drop-cap{background-color:#69727d;color:#fff}.elementor-widget-text-editor.elementor-drop-cap-view-framed .elementor-drop-cap{color:#69727d;border:3px solid;background-color:transparent}.elementor-widget-text-editor:not(.elementor-drop-cap-view-default) .elementor-drop-cap{margin-top:8px}.elementor-widget-text-editor:not(.elementor-drop-cap-view-default) .elementor-drop-cap-letter{width:1em;height:1em}.elementor-widget-text-editor .elementor-drop-cap{float:left;text-align:center;line-height:1;font-size:50px}.elementor-widget-text-editor .elementor-drop-cap-letter{display:inline-block}<\/style>\t\t\t\t<h3><span style=\"caret-color: #000000;\"><span style=\"font-size: 11pt; font-family: Calibri, sans-serif; background-color: transparent; font-variant-alternates: normal; font-variant-numeric: normal; font-variant-east-asian: normal; font-variant-position: normal; vertical-align: baseline; white-space-collapse: preserve;\">Kluk z bohunick\u00e9ho s\u00eddli\u0161t\u011b, kter\u00fd m\u011bl pocit,<br \/>\u017ee prohr\u00e1v\u00e1 svou \u017eivotn\u00ed cestu a okoln\u00ed sv\u011bt<br \/>se mu doslova ztr\u00e1c\u00ed p\u0159ed o\u010dima \u2013 zkou\u0161\u00ed si proto stav\u011bt sv\u016fj vlastn\u00ed, pln\u00fd harmonie a barev.<br \/><\/span><\/span><span style=\"background-color: transparent; font-family: Calibri, sans-serif; font-size: 11pt; white-space-collapse: preserve; caret-color: #000000; text-align: var(--text-align); letter-spacing: var(--bodyletterspacing); text-transform: var(--bodytexttransform);\">V tomto prostoru vytv\u00e1\u0159\u00ed imagin\u00e1rn\u00ed postavu<br \/>jm\u00e9nem Jay Delver,<br \/>kter\u00e1 se st\u00e1v\u00e1 n\u00e1m\u011btem i hlavn\u00edm hrdinou<br \/>budouc\u00edch hudebn\u00edch p\u0159\u00edb\u011bh\u016f. <\/span><\/h3><h3 style=\"font-size: var(--h3fontsize); font-weight: var(--h3fontweight); font-family: Roboto, sans-serif; line-height: var(--h3lineheight); letter-spacing: normal; text-transform: none;\"><span style=\"caret-color: #000000;\"><span style=\"font-size: 11pt; font-family: Calibri, sans-serif; background-color: transparent; font-variant-alternates: normal; font-variant-numeric: normal; font-variant-east-asian: normal; font-variant-position: normal; vertical-align: baseline; white-space-collapse: preserve;\">Jakuba a jeho vizi postupn\u011b obklopily sv\u00e9bytn\u00e9 um\u011bleck\u00e9 osobnosti,<br \/>kdy ka\u017ed\u00e1 z nich dala iluzorn\u00edm p\u0159edstav\u00e1m o n\u011bco konkr\u00e9tn\u011bj\u0161\u00ed obrysy.<\/span><\/span><\/h3>\t\t\t\t\t\t<\/div>\n\t\t\t\t<\/div>\n\t\t\t\t<\/div>\n\t\t\t\t<\/div>\n\t\t<div class=\"elementor-element elementor-element-76a701c e-con-full e-flex e-con e-parent\" data-id=\"76a701c\" data-element_type=\"container\" data-settings=\"{&quot;content_width&quot;:&quot;full&quot;}\" data-core-v316-plus=\"true\">\n\t\t<div class=\"elementor-element elementor-element-8180ccd e-con-full e-flex e-con e-child\" data-id=\"8180ccd\" data-element_type=\"container\" data-settings=\"{&quot;content_width&quot;:&quot;full&quot;}\">\n\t\t\t\t<div class=\"elementor-element elementor-element-c77902a elementor-widget elementor-widget-image\" data-id=\"c77902a\" data-element_type=\"widget\" data-widget_type=\"image.default\">\n\t\t\t\t<div class=\"elementor-widget-container\">\n\t\t\t\t\t\t\t\t\t\t\t\t\t\t\t<img decoding=\"async\" src=\"https:\/\/jaydelver.com\/wp-content\/uploads\/2024\/01\/JD1.jpeg\" title=\"JD1\" alt=\"JD1\" loading=\"lazy\" \/>\t\t\t\t\t\t\t\t\t\t\t\t\t\t\t<\/div>\n\t\t\t\t<\/div>\n\t\t\t\t<\/div>\n\t\t<div class=\"elementor-element elementor-element-b23d5a8 e-con-full e-flex e-con e-child\" data-id=\"b23d5a8\" data-element_type=\"container\" data-settings=\"{&quot;content_width&quot;:&quot;full&quot;}\">\n\t\t\t\t<div class=\"elementor-element elementor-element-b58afd1 elementor-widget__width-initial elementor-widget elementor-widget-text-editor\" data-id=\"b58afd1\" data-element_type=\"widget\" data-widget_type=\"text-editor.default\">\n\t\t\t\t<div class=\"elementor-widget-container\">\n\t\t\t\t\t\t\t<h3><span style=\"caret-color: #000000;\"><span style=\"font-size: 11pt; font-family: Calibri, sans-serif; background-color: transparent; font-variant-alternates: normal; font-variant-numeric: normal; font-variant-east-asian: normal; font-variant-position: normal; vertical-align: baseline; white-space-collapse: preserve;\">Kapela se po letech experimentov\u00e1n\u00ed na\u0161la ve zvuku alternativn\u00edho popu s celou \u0159adou soulov\u00fdch, funkov\u00fdch i rockov\u00fdch vliv\u016f, od Billyho Joela p\u0159es Eltona Johna a\u017e k Harrymu Stylesovi. <\/span><\/span><\/h3><h3 dir=\"ltr\" style=\"margin-top: 0pt; margin-bottom: 8pt; font-size: var(--h3fontsize); font-weight: var(--h3fontweight); font-family: Roboto, sans-serif; line-height: 1.2; letter-spacing: normal; text-transform: none;\"><strong><span style=\"font-size: 11pt; font-family: Calibri, sans-serif; background-color: transparent; font-variant-numeric: normal; font-variant-east-asian: normal; font-variant-alternates: normal; font-variant-position: normal; vertical-align: baseline; white-space-collapse: preserve;\">Jay Delver v posledn\u00edch letech sb\u00edr\u00e1 sam\u00e9 siln\u00e9 koncertn\u00ed z\u00e1\u017eitky \u2013 za v\u0161echny lze uv\u00e9st vystoupen\u00ed na Mendel Festu, Groove Brno, Besed\u011b u Bigb\u00edtu \u010di Hradeck\u00e9m Slunovratu. Do\u0161lo u\u017e i na expanzi mimo \u010cR, konkr\u00e9tn\u011b na Nisville Jazz Festival v Srbsku a koncert pro \u010cesk\u00e9 centrum v Pa\u0159\u00ed\u017ei, kam se pod\u00edvali d\u00edky prvenstv\u00ed v sout\u011b\u017ei Jazzfruit.\u00a0<\/span><\/strong><\/h3>\t\t\t\t\t\t<\/div>\n\t\t\t\t<\/div>\n\t\t\t\t<\/div>\n\t\t\t\t<\/div>\n\t\t<div class=\"elementor-element elementor-element-15c4316 e-flex e-con-boxed e-con e-parent\" data-id=\"15c4316\" data-element_type=\"container\" data-settings=\"{&quot;content_width&quot;:&quot;boxed&quot;}\" data-core-v316-plus=\"true\">\n\t\t\t\t\t<div class=\"e-con-inner\">\n\t\t<div class=\"elementor-element elementor-element-36a6772 e-con-full e-flex e-con e-child\" data-id=\"36a6772\" data-element_type=\"container\" data-settings=\"{&quot;content_width&quot;:&quot;full&quot;}\">\n\t\t\t\t<div class=\"elementor-element elementor-element-91bcede elementor-widget__width-initial elementor-widget elementor-widget-image\" data-id=\"91bcede\" data-element_type=\"widget\" data-widget_type=\"image.default\">\n\t\t\t\t<div class=\"elementor-widget-container\">\n\t\t\t\t\t\t\t\t\t\t\t\t\t\t\t<img fetchpriority=\"high\" decoding=\"async\" width=\"768\" height=\"768\" src=\"https:\/\/jaydelver.com\/wp-content\/uploads\/2024\/01\/T1N_8276-768x768.jpg\" class=\"attachment-medium_large size-medium_large wp-image-645\" alt=\"\" srcset=\"https:\/\/jaydelver.com\/wp-content\/uploads\/2024\/01\/T1N_8276-768x768.jpg 768w, https:\/\/jaydelver.com\/wp-content\/uploads\/2024\/01\/T1N_8276-300x300.jpg 300w, https:\/\/jaydelver.com\/wp-content\/uploads\/2024\/01\/T1N_8276-1024x1024.jpg 1024w, https:\/\/jaydelver.com\/wp-content\/uploads\/2024\/01\/T1N_8276-150x150.jpg 150w, https:\/\/jaydelver.com\/wp-content\/uploads\/2024\/01\/T1N_8276-1536x1536.jpg 1536w, https:\/\/jaydelver.com\/wp-content\/uploads\/2024\/01\/T1N_8276-2048x2048.jpg 2048w\" sizes=\"(max-width: 768px) 100vw, 768px\" \/>\t\t\t\t\t\t\t\t\t\t\t\t\t\t\t<\/div>\n\t\t\t\t<\/div>\n\t\t\t\t<\/div>\n\t\t<div class=\"elementor-element elementor-element-0071f84 e-con-full e-flex e-con e-child\" data-id=\"0071f84\" data-element_type=\"container\" data-settings=\"{&quot;content_width&quot;:&quot;full&quot;}\">\n\t\t\t\t<div class=\"elementor-element elementor-element-98fb0d1 elementor-widget elementor-widget-text-editor\" data-id=\"98fb0d1\" data-element_type=\"widget\" data-widget_type=\"text-editor.default\">\n\t\t\t\t<div class=\"elementor-widget-container\">\n\t\t\t\t\t\t\t<h3 dir=\"ltr\" style=\"line-height: 1.2; margin-top: 0pt; margin-bottom: 8pt;\"><strong style=\"font-family: var(--headingsfontfamily),var(--nv-fallback-ff); font-size: var(--h3fontsize); letter-spacing: var(--h3letterspacing); text-transform: var(--h3texttransform); text-align: var(--text-align);\"><span style=\"font-size: 11pt; font-family: Calibri, sans-serif; background-color: transparent; font-variant-numeric: normal; font-variant-east-asian: normal; font-variant-alternates: normal; font-variant-position: normal; vertical-align: baseline; white-space-collapse: preserve;\">V tomto roce se spolu s Jay Delver m\u016f\u017eete t\u011b\u0161it na vystoupen\u00ed v t\u011bsn\u00e9m p\u0159edvoji skupiny Earth, Wind and Fire \u010di na festivalu Metronome. Nav\u00edc o\u010dek\u00e1vejte i vyd\u00e1n\u00ed hned n\u011bkolika singl\u016f, kter\u00e9 se u\u017e v t\u00e9to chv\u00edli p\u0159ipravuj\u00ed na vysl\u00e1n\u00ed do sv\u011bta.<\/span><\/strong><\/h3>\t\t\t\t\t\t<\/div>\n\t\t\t\t<\/div>\n\t\t\t\t<\/div>\n\t\t\t\t\t<\/div>\n\t\t\t\t<\/div>\n\t\t<div class=\"elementor-element elementor-element-ac3143c e-flex e-con-boxed e-con e-parent\" data-id=\"ac3143c\" data-element_type=\"container\" data-settings=\"{&quot;content_width&quot;:&quot;boxed&quot;}\" data-core-v316-plus=\"true\">\n\t\t\t\t\t<div class=\"e-con-inner\">\n\t\t\t\t<div class=\"elementor-element elementor-element-aac6271 elementor-shape-rounded elementor-grid-0 e-grid-align-center elementor-widget elementor-widget-social-icons\" data-id=\"aac6271\" data-element_type=\"widget\" data-widget_type=\"social-icons.default\">\n\t\t\t\t<div class=\"elementor-widget-container\">\n\t\t\t<style>\/*! elementor - v3.17.0 - 08-11-2023 *\/\n.elementor-widget-social-icons.elementor-grid-0 .elementor-widget-container,.elementor-widget-social-icons.elementor-grid-mobile-0 .elementor-widget-container,.elementor-widget-social-icons.elementor-grid-tablet-0 .elementor-widget-container{line-height:1;font-size:0}.elementor-widget-social-icons:not(.elementor-grid-0):not(.elementor-grid-tablet-0):not(.elementor-grid-mobile-0) .elementor-grid{display:inline-grid}.elementor-widget-social-icons .elementor-grid{grid-column-gap:var(--grid-column-gap,5px);grid-row-gap:var(--grid-row-gap,5px);grid-template-columns:var(--grid-template-columns);justify-content:var(--justify-content,center);justify-items:var(--justify-content,center)}.elementor-icon.elementor-social-icon{font-size:var(--icon-size,25px);line-height:var(--icon-size,25px);width:calc(var(--icon-size, 25px) + (2 * var(--icon-padding, .5em)));height:calc(var(--icon-size, 25px) + (2 * var(--icon-padding, .5em)))}.elementor-social-icon{--e-social-icon-icon-color:#fff;display:inline-flex;background-color:#69727d;align-items:center;justify-content:center;text-align:center;cursor:pointer}.elementor-social-icon i{color:var(--e-social-icon-icon-color)}.elementor-social-icon svg{fill:var(--e-social-icon-icon-color)}.elementor-social-icon:last-child{margin:0}.elementor-social-icon:hover{opacity:.9;color:#fff}.elementor-social-icon-android{background-color:#a4c639}.elementor-social-icon-apple{background-color:#999}.elementor-social-icon-behance{background-color:#1769ff}.elementor-social-icon-bitbucket{background-color:#205081}.elementor-social-icon-codepen{background-color:#000}.elementor-social-icon-delicious{background-color:#39f}.elementor-social-icon-deviantart{background-color:#05cc47}.elementor-social-icon-digg{background-color:#005be2}.elementor-social-icon-dribbble{background-color:#ea4c89}.elementor-social-icon-elementor{background-color:#d30c5c}.elementor-social-icon-envelope{background-color:#ea4335}.elementor-social-icon-facebook,.elementor-social-icon-facebook-f{background-color:#3b5998}.elementor-social-icon-flickr{background-color:#0063dc}.elementor-social-icon-foursquare{background-color:#2d5be3}.elementor-social-icon-free-code-camp,.elementor-social-icon-freecodecamp{background-color:#006400}.elementor-social-icon-github{background-color:#333}.elementor-social-icon-gitlab{background-color:#e24329}.elementor-social-icon-globe{background-color:#69727d}.elementor-social-icon-google-plus,.elementor-social-icon-google-plus-g{background-color:#dd4b39}.elementor-social-icon-houzz{background-color:#7ac142}.elementor-social-icon-instagram{background-color:#262626}.elementor-social-icon-jsfiddle{background-color:#487aa2}.elementor-social-icon-link{background-color:#818a91}.elementor-social-icon-linkedin,.elementor-social-icon-linkedin-in{background-color:#0077b5}.elementor-social-icon-medium{background-color:#00ab6b}.elementor-social-icon-meetup{background-color:#ec1c40}.elementor-social-icon-mixcloud{background-color:#273a4b}.elementor-social-icon-odnoklassniki{background-color:#f4731c}.elementor-social-icon-pinterest{background-color:#bd081c}.elementor-social-icon-product-hunt{background-color:#da552f}.elementor-social-icon-reddit{background-color:#ff4500}.elementor-social-icon-rss{background-color:#f26522}.elementor-social-icon-shopping-cart{background-color:#4caf50}.elementor-social-icon-skype{background-color:#00aff0}.elementor-social-icon-slideshare{background-color:#0077b5}.elementor-social-icon-snapchat{background-color:#fffc00}.elementor-social-icon-soundcloud{background-color:#f80}.elementor-social-icon-spotify{background-color:#2ebd59}.elementor-social-icon-stack-overflow{background-color:#fe7a15}.elementor-social-icon-steam{background-color:#00adee}.elementor-social-icon-stumbleupon{background-color:#eb4924}.elementor-social-icon-telegram{background-color:#2ca5e0}.elementor-social-icon-thumb-tack{background-color:#1aa1d8}.elementor-social-icon-tripadvisor{background-color:#589442}.elementor-social-icon-tumblr{background-color:#35465c}.elementor-social-icon-twitch{background-color:#6441a5}.elementor-social-icon-twitter{background-color:#1da1f2}.elementor-social-icon-viber{background-color:#665cac}.elementor-social-icon-vimeo{background-color:#1ab7ea}.elementor-social-icon-vk{background-color:#45668e}.elementor-social-icon-weibo{background-color:#dd2430}.elementor-social-icon-weixin{background-color:#31a918}.elementor-social-icon-whatsapp{background-color:#25d366}.elementor-social-icon-wordpress{background-color:#21759b}.elementor-social-icon-xing{background-color:#026466}.elementor-social-icon-yelp{background-color:#af0606}.elementor-social-icon-youtube{background-color:#cd201f}.elementor-social-icon-500px{background-color:#0099e5}.elementor-shape-rounded .elementor-icon.elementor-social-icon{border-radius:10%}.elementor-shape-circle .elementor-icon.elementor-social-icon{border-radius:50%}<\/style>\t\t<div class=\"elementor-social-icons-wrapper elementor-grid\">\n\t\t\t\t\t\t\t<span class=\"elementor-grid-item\">\n\t\t\t\t\t<a class=\"elementor-icon elementor-social-icon elementor-social-icon-instagram elementor-repeater-item-aecf0ef\" href=\"https:\/\/www.instagram.com\/jay_delver\/\" target=\"_blank\">\n\t\t\t\t\t\t<span class=\"elementor-screen-only\">Instagram<\/span>\n\t\t\t\t\t\t<i class=\"fab fa-instagram\"><\/i>\t\t\t\t\t<\/a>\n\t\t\t\t<\/span>\n\t\t\t\t\t\t\t<span class=\"elementor-grid-item\">\n\t\t\t\t\t<a class=\"elementor-icon elementor-social-icon elementor-social-icon-facebook elementor-repeater-item-662fafc\" href=\"https:\/\/www.facebook.com\/jaydelverband\" target=\"_blank\">\n\t\t\t\t\t\t<span class=\"elementor-screen-only\">Facebook<\/span>\n\t\t\t\t\t\t<i class=\"fab fa-facebook\"><\/i>\t\t\t\t\t<\/a>\n\t\t\t\t<\/span>\n\t\t\t\t\t\t\t<span class=\"elementor-grid-item\">\n\t\t\t\t\t<a class=\"elementor-icon elementor-social-icon elementor-social-icon-youtube elementor-repeater-item-ba2e941\" href=\"https:\/\/www.youtube.com\/@jaydelver7922\" target=\"_blank\">\n\t\t\t\t\t\t<span class=\"elementor-screen-only\">Youtube<\/span>\n\t\t\t\t\t\t<i class=\"fab fa-youtube\"><\/i>\t\t\t\t\t<\/a>\n\t\t\t\t<\/span>\n\t\t\t\t\t\t\t<span class=\"elementor-grid-item\">\n\t\t\t\t\t<a class=\"elementor-icon elementor-social-icon elementor-social-icon-spotify elementor-repeater-item-87e4bd9\" href=\"https:\/\/open.spotify.com\/artist\/7BkP54eFnjeFB97BTXVN5l?si=mcypM15IQvqPurwsNjHVoQ\" target=\"_blank\">\n\t\t\t\t\t\t<span class=\"elementor-screen-only\">Spotify<\/span>\n\t\t\t\t\t\t<i class=\"fab fa-spotify\"><\/i>\t\t\t\t\t<\/a>\n\t\t\t\t<\/span>\n\t\t\t\t\t\t\t<span class=\"elementor-grid-item\">\n\t\t\t\t\t<a class=\"elementor-icon elementor-social-icon elementor-social-icon-music elementor-repeater-item-80e6150\" href=\"https:\/\/music.apple.com\/us\/artist\/jay-delver\/1173622755\" target=\"_blank\">\n\t\t\t\t\t\t<span class=\"elementor-screen-only\">Music<\/span>\n\t\t\t\t\t\t<i class=\"fas fa-music\"><\/i>\t\t\t\t\t<\/a>\n\t\t\t\t<\/span>\n\t\t\t\t\t\t\t<span class=\"elementor-grid-item\">\n\t\t\t\t\t<a class=\"elementor-icon elementor-social-icon elementor-social-icon-soundcloud elementor-repeater-item-a0414fc\" href=\"https:\/\/soundcloud.com\/jaydelver\" target=\"_blank\">\n\t\t\t\t\t\t<span class=\"elementor-screen-only\">Soundcloud<\/span>\n\t\t\t\t\t\t<i class=\"fab fa-soundcloud\"><\/i>\t\t\t\t\t<\/a>\n\t\t\t\t<\/span>\n\t\t\t\t\t<\/div>\n\t\t\t\t<\/div>\n\t\t\t\t<\/div>\n\t\t\t\t\t<\/div>\n\t\t\t\t<\/div>\n\t\t\t\t\t\t\t<\/div>\n\t\t","protected":false},"excerpt":{"rendered":"<p>Kluk z bohunick\u00e9ho s\u00eddli\u0161t\u011b, kter\u00fd m\u011bl pocit,\u017ee prohr\u00e1v\u00e1 svou \u017eivotn\u00ed cestu a okoln\u00ed sv\u011btse mu doslova ztr\u00e1c\u00ed p\u0159ed o\u010dima \u2013 zkou\u0161\u00ed si proto stav\u011bt sv\u016fj vlastn\u00ed, pln\u00fd harmonie a barev.V tomto prostoru vytv\u00e1\u0159\u00ed imagin\u00e1rn\u00ed postavujm\u00e9nem Jay Delver,kter\u00e1 se st\u00e1v\u00e1 n\u00e1m\u011btem i hlavn\u00edm hrdinoubudouc\u00edch hudebn\u00edch p\u0159\u00edb\u011bh\u016f. Jakuba a jeho vizi postupn\u011b obklopily sv\u00e9bytn\u00e9 um\u011bleck\u00e9 osobnosti,kdy ka\u017ed\u00e1&hellip;&nbsp;<a href=\"https:\/\/jaydelver.com\/?page_id=61\" class=\"\" rel=\"bookmark\">Read More &raquo;<span class=\"screen-reader-text\">BIO<\/span><\/a><\/p>\n","protected":false},"author":1,"featured_media":0,"parent":0,"menu_order":0,"comment_status":"closed","ping_status":"closed","template":"","meta":{"om_disable_all_campaigns":false,"_monsterinsights_skip_tracking":false,"_monsterinsights_sitenote_active":false,"_monsterinsights_sitenote_note":"","_monsterinsights_sitenote_category":0,"neve_meta_sidebar":"default","neve_meta_container":"default","neve_meta_enable_content_width":"on","neve_meta_content_width":100,"neve_meta_title_alignment":"","neve_meta_author_avatar":"","neve_post_elements_order":"","neve_meta_disable_header":"","neve_meta_disable_footer":"","neve_meta_disable_title":"on","_themeisle_gutenberg_block_has_review":false,"_ti_tpc_template_sync":false,"_ti_tpc_template_id":"eex7gnweb2m8vo93cr1g","footnotes":""},"aioseo_notices":[],"_links":{"self":[{"href":"https:\/\/jaydelver.com\/index.php?rest_route=\/wp\/v2\/pages\/61"}],"collection":[{"href":"https:\/\/jaydelver.com\/index.php?rest_route=\/wp\/v2\/pages"}],"about":[{"href":"https:\/\/jaydelver.com\/index.php?rest_route=\/wp\/v2\/types\/page"}],"author":[{"embeddable":true,"href":"https:\/\/jaydelver.com\/index.php?rest_route=\/wp\/v2\/users\/1"}],"replies":[{"embeddable":true,"href":"https:\/\/jaydelver.com\/index.php?rest_route=%2Fwp%2Fv2%2Fcomments&post=61"}],"version-history":[{"count":50,"href":"https:\/\/jaydelver.com\/index.php?rest_route=\/wp\/v2\/pages\/61\/revisions"}],"predecessor-version":[{"id":754,"href":"https:\/\/jaydelver.com\/index.php?rest_route=\/wp\/v2\/pages\/61\/revisions\/754"}],"wp:attachment":[{"href":"https:\/\/jaydelver.com\/index.php?rest_route=%2Fwp%2Fv2%2Fmedia&parent=61"}],"curies":[{"name":"wp","href":"https:\/\/api.w.org\/{rel}","templated":true}]}}